{"id":3330,"date":"2022-04-15T16:58:33","date_gmt":"2022-04-15T16:58:33","guid":{"rendered":"https:\/\/demo2.laperlaneradiving.com\/?post_type=product&#038;p=3330"},"modified":"2026-02-16T14:28:57","modified_gmt":"2026-02-16T14:28:57","slug":"rescue-diver","status":"publish","type":"product","link":"https:\/\/laperlaneradiving.com\/it\/i-nostri-corsi\/rescue-diver\/","title":{"rendered":"RESCUE DIVER"},"content":{"rendered":"","protected":false},"excerpt":{"rendered":"<p>I subacquei descrivono il corso PADI Rescue Diver come il corso pi\u00f9 impegnativo e soddisfacente che abbiano mai seguito.<br \/>\nImparerai a prevenire e gestire i problemi in acqua, ti sentirai pi\u00f9 sicuro delle tue capacit\u00e0 perch\u00e9 sai che puoi aiutare gli altri quando necessario. Durante il corso impari a diventare un compagno di immersione migliore e fare pratica con le abilit\u00e0 di problem solving fino a quando non saranno istintive.<\/p>\n","protected":false},"featured_media":3364,"template":"","meta":[],"product_cat":[79,81],"product_tag":[91,87,101],"class_list":["post-3330","product","type-product","status-publish","has-post-thumbnail","hentry","product_cat-corsi-ricreativi","product_cat-corsi-avanzati","product_tag-con-attrezzatura-ara","product_tag-dai-12-anni","product_tag-padi"],"_links":{"self":[{"href":"https:\/\/laperlaneradiving.com\/it\/wp-json\/wp\/v2\/product\/3330","targetHints":{"allow":["GET"]}}],"collection":[{"href":"https:\/\/laperlaneradiving.com\/it\/wp-json\/wp\/v2\/product"}],"about":[{"href":"https:\/\/laperlaneradiving.com\/it\/wp-json\/wp\/v2\/types\/product"}],"wp:featuredmedia":[{"embeddable":true,"href":"https:\/\/laperlaneradiving.com\/it\/wp-json\/wp\/v2\/media\/3364"}],"wp:attachment":[{"href":"https:\/\/laperlaneradiving.com\/it\/wp-json\/wp\/v2\/media?parent=3330"}],"wp:term":[{"taxonomy":"product_cat","embeddable":true,"href":"https:\/\/laperlaneradiving.com\/it\/wp-json\/wp\/v2\/product_cat?post=3330"},{"taxonomy":"product_tag","embeddable":true,"href":"https:\/\/laperlaneradiving.com\/it\/wp-json\/wp\/v2\/product_tag?post=3330"}],"curies":[{"name":"wp","href":"https:\/\/api.w.org\/{rel}","templated":true}]}}