{"id":3482,"date":"2022-04-18T16:56:29","date_gmt":"2022-04-18T16:56:29","guid":{"rendered":"https:\/\/demo2.laperlaneradiving.com\/?post_type=product&#038;p=3482"},"modified":"2022-04-29T15:51:41","modified_gmt":"2022-04-29T15:51:41","slug":"dan-training","status":"publish","type":"product","link":"https:\/\/laperlaneradiving.com\/fr\/i-nostri-corsi\/dan-training\/","title":{"rendered":"DAN TRAINING"},"content":{"rendered":"","protected":false},"excerpt":{"rendered":"<p>With DAN training programs you will be able to learn how to help in the event of an injury and interact with medical staff effectively.<\/p>\n<p>Les cours de formation sont con\u00e7us pour diffuser des informations importantes sur des sujets li\u00e9s \u00e0 la s\u00e9curit\u00e9 en plong\u00e9e et hors plong\u00e9e, vous pr\u00e9parant \u00e0 mieux g\u00e9rer les urgences m\u00e9dicales.<\/p>","protected":false},"featured_media":3483,"template":"","meta":[],"product_cat":[79,93],"product_tag":[102,100],"class_list":["post-3482","product","type-product","status-publish","has-post-thumbnail","hentry","product_cat-corsi-ricreativi","product_cat-corsi-di-specialita","product_tag-dan","product_tag-non-subacquei"],"_links":{"self":[{"href":"https:\/\/laperlaneradiving.com\/fr\/wp-json\/wp\/v2\/product\/3482","targetHints":{"allow":["GET"]}}],"collection":[{"href":"https:\/\/laperlaneradiving.com\/fr\/wp-json\/wp\/v2\/product"}],"about":[{"href":"https:\/\/laperlaneradiving.com\/fr\/wp-json\/wp\/v2\/types\/product"}],"wp:featuredmedia":[{"embeddable":true,"href":"https:\/\/laperlaneradiving.com\/fr\/wp-json\/wp\/v2\/media\/3483"}],"wp:attachment":[{"href":"https:\/\/laperlaneradiving.com\/fr\/wp-json\/wp\/v2\/media?parent=3482"}],"wp:term":[{"taxonomy":"product_cat","embeddable":true,"href":"https:\/\/laperlaneradiving.com\/fr\/wp-json\/wp\/v2\/product_cat?post=3482"},{"taxonomy":"product_tag","embeddable":true,"href":"https:\/\/laperlaneradiving.com\/fr\/wp-json\/wp\/v2\/product_tag?post=3482"}],"curies":[{"name":"wp","href":"https:\/\/api.w.org\/{rel}","templated":true}]}}