{"id":3475,"date":"2022-04-18T16:17:44","date_gmt":"2022-04-18T16:17:44","guid":{"rendered":"https:\/\/demo2.laperlaneradiving.com\/?post_type=product&#038;p=3475"},"modified":"2022-04-29T15:28:54","modified_gmt":"2022-04-29T15:28:54","slug":"care-for-children","status":"publish","type":"product","link":"https:\/\/laperlaneradiving.com\/fr\/i-nostri-corsi\/care-for-children\/","title":{"rendered":"CARE FOR CHILDREN"},"content":{"rendered":"","protected":false},"excerpt":{"rendered":"<p>\u00cates-vous pr\u00eat dans une situation d'urgence m\u00e9dicale pour les enfants?<\/p>\n<p>Le cours PADI Emergency First Response care for children est un cours de formation innovant. Vous serez pr\u00eat \u00e0 fournir une aide m\u00e9dicale d'urgence aux enfants, du nouveau-n\u00e9 \u00e0 la pubert\u00e9.<\/p>","protected":false},"featured_media":3476,"template":"","meta":[],"product_cat":[79,93],"product_tag":[100,101],"class_list":["post-3475","product","type-product","status-publish","has-post-thumbnail","hentry","product_cat-corsi-ricreativi","product_cat-corsi-di-specialita","product_tag-non-subacquei","product_tag-padi"],"_links":{"self":[{"href":"https:\/\/laperlaneradiving.com\/fr\/wp-json\/wp\/v2\/product\/3475","targetHints":{"allow":["GET"]}}],"collection":[{"href":"https:\/\/laperlaneradiving.com\/fr\/wp-json\/wp\/v2\/product"}],"about":[{"href":"https:\/\/laperlaneradiving.com\/fr\/wp-json\/wp\/v2\/types\/product"}],"wp:featuredmedia":[{"embeddable":true,"href":"https:\/\/laperlaneradiving.com\/fr\/wp-json\/wp\/v2\/media\/3476"}],"wp:attachment":[{"href":"https:\/\/laperlaneradiving.com\/fr\/wp-json\/wp\/v2\/media?parent=3475"}],"wp:term":[{"taxonomy":"product_cat","embeddable":true,"href":"https:\/\/laperlaneradiving.com\/fr\/wp-json\/wp\/v2\/product_cat?post=3475"},{"taxonomy":"product_tag","embeddable":true,"href":"https:\/\/laperlaneradiving.com\/fr\/wp-json\/wp\/v2\/product_tag?post=3475"}],"curies":[{"name":"wp","href":"https:\/\/api.w.org\/{rel}","templated":true}]}}