{"id":3473,"date":"2022-04-18T16:03:02","date_gmt":"2022-04-18T16:03:02","guid":{"rendered":"https:\/\/demo2.laperlaneradiving.com\/?post_type=product&#038;p=3473"},"modified":"2022-04-29T15:19:56","modified_gmt":"2022-04-29T15:19:56","slug":"emergency-first-response","status":"publish","type":"product","link":"https:\/\/laperlaneradiving.com\/fr\/i-nostri-corsi\/emergency-first-response\/","title":{"rendered":"EMERGENCY FIRST RESPONSE"},"content":{"rendered":"","protected":false},"excerpt":{"rendered":"<p>\u00cates-vous pr\u00eat en cas d'urgence m\u00e9dicale?<\/p>\n<p>Avec la formation Emergency First Response pour une intervention correcte en premiers secours, vous pouvez \u00eatre d'une importance vitale. Il vise \u00e0 augmenter votre confiance en vous et votre volont\u00e9 d'intervenir en cas de besoin.<\/p>","protected":false},"featured_media":3474,"template":"","meta":[],"product_cat":[79,93],"product_tag":[100,101],"class_list":["post-3473","product","type-product","status-publish","has-post-thumbnail","hentry","product_cat-corsi-ricreativi","product_cat-corsi-di-specialita","product_tag-non-subacquei","product_tag-padi"],"_links":{"self":[{"href":"https:\/\/laperlaneradiving.com\/fr\/wp-json\/wp\/v2\/product\/3473","targetHints":{"allow":["GET"]}}],"collection":[{"href":"https:\/\/laperlaneradiving.com\/fr\/wp-json\/wp\/v2\/product"}],"about":[{"href":"https:\/\/laperlaneradiving.com\/fr\/wp-json\/wp\/v2\/types\/product"}],"wp:featuredmedia":[{"embeddable":true,"href":"https:\/\/laperlaneradiving.com\/fr\/wp-json\/wp\/v2\/media\/3474"}],"wp:attachment":[{"href":"https:\/\/laperlaneradiving.com\/fr\/wp-json\/wp\/v2\/media?parent=3473"}],"wp:term":[{"taxonomy":"product_cat","embeddable":true,"href":"https:\/\/laperlaneradiving.com\/fr\/wp-json\/wp\/v2\/product_cat?post=3473"},{"taxonomy":"product_tag","embeddable":true,"href":"https:\/\/laperlaneradiving.com\/fr\/wp-json\/wp\/v2\/product_tag?post=3473"}],"curies":[{"name":"wp","href":"https:\/\/api.w.org\/{rel}","templated":true}]}}