{"id":3418,"date":"2022-04-18T06:21:06","date_gmt":"2022-04-18T06:21:06","guid":{"rendered":"https:\/\/demo2.laperlaneradiving.com\/?post_type=product&#038;p=3418"},"modified":"2022-04-28T17:22:57","modified_gmt":"2022-04-28T17:22:57","slug":"peak-performance-buoyancy","status":"publish","type":"product","link":"https:\/\/laperlaneradiving.com\/fr\/i-nostri-corsi\/peak-performance-buoyancy\/","title":{"rendered":"PEAK PERFORMANCE BUOYANCY"},"content":{"rendered":"","protected":false},"excerpt":{"rendered":"<p>Le contr\u00f4le de la flottabilit\u00e9 est ce qui distingue la capacit\u00e9 d'un plongeur.<\/p>\n<p>Avec le cours PADI Peak Performance Buoyancy, vous v\u00e9rifierez le bon poids en travaillant avec la quantit\u00e9 de lest. Votre moniteur, \u00e0 travers divers exercices dans l'eau, vous aidera \u00e0 acqu\u00e9rir la ma\u00eetrise pour arriver \u00e0 une attitude neutre.<\/p>","protected":false},"featured_media":3419,"template":"","meta":[],"product_cat":[79,93],"product_tag":[91,85,101],"class_list":["post-3418","product","type-product","status-publish","has-post-thumbnail","hentry","product_cat-corsi-ricreativi","product_cat-corsi-di-specialita","product_tag-con-attrezzatura-ara","product_tag-dai-10-anni","product_tag-padi"],"_links":{"self":[{"href":"https:\/\/laperlaneradiving.com\/fr\/wp-json\/wp\/v2\/product\/3418","targetHints":{"allow":["GET"]}}],"collection":[{"href":"https:\/\/laperlaneradiving.com\/fr\/wp-json\/wp\/v2\/product"}],"about":[{"href":"https:\/\/laperlaneradiving.com\/fr\/wp-json\/wp\/v2\/types\/product"}],"wp:featuredmedia":[{"embeddable":true,"href":"https:\/\/laperlaneradiving.com\/fr\/wp-json\/wp\/v2\/media\/3419"}],"wp:attachment":[{"href":"https:\/\/laperlaneradiving.com\/fr\/wp-json\/wp\/v2\/media?parent=3418"}],"wp:term":[{"taxonomy":"product_cat","embeddable":true,"href":"https:\/\/laperlaneradiving.com\/fr\/wp-json\/wp\/v2\/product_cat?post=3418"},{"taxonomy":"product_tag","embeddable":true,"href":"https:\/\/laperlaneradiving.com\/fr\/wp-json\/wp\/v2\/product_tag?post=3418"}],"curies":[{"name":"wp","href":"https:\/\/api.w.org\/{rel}","templated":true}]}}